{"id":14649,"date":"2026-04-14T22:54:41","date_gmt":"2026-04-14T22:54:41","guid":{"rendered":"https:\/\/clarityclinic.com.mx\/?page_id=14649"},"modified":"2026-04-14T23:26:32","modified_gmt":"2026-04-14T23:26:32","slug":"dr-ulises-de-dios-cuadras","status":"publish","type":"page","link":"https:\/\/clarityclinic.com.mx\/en\/dr-ulises-de-dios-cuadras\/","title":{"rendered":"Dr. Ulises de Dios Cuadras"},"content":{"rendered":"<section class=\"wpb-content-wrapper\"><section data-vc-full-width=\"true\" data-vc-full-width-init=\"false\" class=\"vc_section vc_section_visible custom-responsive-67233740 vc_custom_1761001375722 vc_section-has-fill\" data-section-name=\"\"><div class=\"vc_row wpb_row vc_row-fluid vc_row_visible vc_custom_1776208613344\"><div class=\"wpb_column vc_column_container vc_col-sm-12 text-left\"><div class=\"vc_column-inner\"><div class=\"wpb_wrapper\"><div id=\"el1761228703477-000ef6b7-b057\" class=\"pix-el-text   w-100 text-center\" ><p class=\"text-center\"><h1 style=\"text-align: center;\">Dr. Ulises de Dios Cuadras<\/h1>\n<\/p><\/div><div class=\"pix-el-text w-100 text-center  vc_custom_1776209177848\" ><p class=\"text-24  text-secondary text-center\" ><span class=\"text-secondary animate-in d-inline-block\" data-anim-delay=\"1000\" data-anim-type=\"fade-in-up\">Surgeon specialized in retina and macula<\/span><\/p><\/div><\/div><\/div><\/div><\/div><div class=\"vc_row wpb_row vc_row-fluid dr-ulises vc_row_visible custom-responsive-152457707 vc_custom_1761000949594 vc_row-o-content-middle vc_row-flex\"><div class=\"wpb_column vc_column_container vc_col-sm-6 vc_hidden-xs text-left\"><div class=\"vc_column-inner\"><div class=\"wpb_wrapper\"><div class=\"d-inline-block\" ><div class=\"pix-img-el    text-left d-inline-block img-lap w-100 rounded-10\"  ><img loading=\"lazy\" decoding=\"async\" class=\"card-img2 pix-img-elem rounded-10  h-1002\" style=\"height:auto;\" width=\"1080\" height=\"1434\" srcset=\"https:\/\/clarityclinic.com.mx\/wp-content\/uploads\/2025\/09\/especialista-oftalmologo-ulises-de-dios-en-tijuana.jpg 1080w, https:\/\/clarityclinic.com.mx\/wp-content\/uploads\/2025\/09\/especialista-oftalmologo-ulises-de-dios-en-tijuana-226x300.jpg 226w, https:\/\/clarityclinic.com.mx\/wp-content\/uploads\/2025\/09\/especialista-oftalmologo-ulises-de-dios-en-tijuana-771x1024.jpg 771w, https:\/\/clarityclinic.com.mx\/wp-content\/uploads\/2025\/09\/especialista-oftalmologo-ulises-de-dios-en-tijuana-768x1020.jpg 768w, https:\/\/clarityclinic.com.mx\/wp-content\/uploads\/2025\/09\/especialista-oftalmologo-ulises-de-dios-en-tijuana-9x12.jpg 9w\" sizes=\"auto, (max-width: 1080px) 100vw, 1080px\" src=\"https:\/\/clarityclinic.com.mx\/wp-content\/uploads\/2025\/09\/especialista-oftalmologo-ulises-de-dios-en-tijuana.jpg\" alt=\"Image link\" \/><\/div><\/div><\/div><\/div><\/div><div class=\"wpb_column vc_column_container vc_col-sm-6 text-left\"><div class=\"vc_column-inner\"><div class=\"wpb_wrapper\"><div id=\"advanced-text-163242229\" class=\"pix-el-text   w-100\" ><p class=\"\"><h2><b>Professional formation<\/b><\/h2>\n<p>&nbsp;<\/p>\n<ul>\n<li style=\"font-weight: 400;\" aria-level=\"1\"><span style=\"font-weight: 400;\">M\u00e9dico Cirujano: Universidad de Guadalajara<\/span><\/li>\n<li style=\"font-weight: 400;\" aria-level=\"1\"><span style=\"font-weight: 400;\">Especialidad en Oftalmolog\u00eda: Asociaci\u00f3n para Evitar la Ceguera en M\u00e9xico (APEC) y Universidad Nacional Aut\u00f3noma de M\u00e9xico (UNAM)<\/span><\/li>\n<li style=\"font-weight: 400;\" aria-level=\"1\"><span style=\"font-weight: 400;\">Alta especialidad en metodolog\u00eda de la investigaci\u00f3n: Asociaci\u00f3n para Evitar la Ceguera en M\u00e9xico (APEC) y Universidad Nacional Aut\u00f3noma de M\u00e9xico (UNAM)<\/span><\/li>\n<li style=\"font-weight: 400;\" aria-level=\"1\"><span style=\"font-weight: 400;\">Alta especialidad en Retina y V\u00edtreo: Instituto Conde de Valenciana y Universidad Nacional Aut\u00f3noma de M\u00e9xico (UNAM)<\/span><\/li>\n<\/ul>\n<\/p><\/div><div class=\"d-inline-block\" ><div class=\"pix-img-el  vc_custom_1761000136229   text-left d-inline-block img-mov w-100 rounded-10\"  ><img loading=\"lazy\" decoding=\"async\" class=\"card-img2 pix-img-elem rounded-10  h-1002\" style=\"height:auto;\" width=\"1080\" height=\"1434\" srcset=\"https:\/\/clarityclinic.com.mx\/wp-content\/uploads\/2025\/09\/especialista-oftalmologo-ulises-de-dios-en-tijuana.jpg 1080w, https:\/\/clarityclinic.com.mx\/wp-content\/uploads\/2025\/09\/especialista-oftalmologo-ulises-de-dios-en-tijuana-226x300.jpg 226w, https:\/\/clarityclinic.com.mx\/wp-content\/uploads\/2025\/09\/especialista-oftalmologo-ulises-de-dios-en-tijuana-771x1024.jpg 771w, https:\/\/clarityclinic.com.mx\/wp-content\/uploads\/2025\/09\/especialista-oftalmologo-ulises-de-dios-en-tijuana-768x1020.jpg 768w, https:\/\/clarityclinic.com.mx\/wp-content\/uploads\/2025\/09\/especialista-oftalmologo-ulises-de-dios-en-tijuana-9x12.jpg 9w\" sizes=\"auto, (max-width: 1080px) 100vw, 1080px\" src=\"https:\/\/clarityclinic.com.mx\/wp-content\/uploads\/2025\/09\/especialista-oftalmologo-ulises-de-dios-en-tijuana.jpg\" alt=\"Image link\" \/><\/div><\/div><div class=\"accordion w-100 accordion-card bg-white2 rounded-lg2\" id=\"accordion-1758417728986-b1b4b5fe-2219\"><div class=\"card\">\n           <div class=\"card-header bg-white pix-mb-10 shadow-sm rounded-lg\" id=\"heading1758417729005-f8447050-cfbd\">\n               <button class=\"btn btn-link text-left rounded-lg bg-transparent\" type=\"button\" data-toggle=\"collapse\" data-target=\"#collapse1758417729005-f8447050-cfbd\" aria-expanded=\"true\" aria-controls=\"collapse1758417729005-f8447050-cfbd\" ><span class=\"d-inline-block text-secondary svg-20 pix-mr-10\"><svg width=\"100%\" height=\"100%\" viewbox=\"0 0 24 24\" version=\"1.1\" xmlns=\"http:\/\/www.w3.org\/2000\/svg\" xmlns:xlink=\"http:\/\/www.w3.org\/1999\/xlink\"> <defs><\/defs> <g stroke=\"none\" stroke-width=\"1\" fill=\"none\" fill-rule=\"evenodd\"> <path d=\"M12.2928955,6.70710318 C11.9023712,6.31657888 11.9023712,5.68341391 12.2928955,5.29288961 C12.6834198,4.90236532 13.3165848,4.90236532 13.7071091,5.29288961 L19.7071091,11.2928896 C20.085688,11.6714686 20.0989336,12.281055 19.7371564,12.675721 L14.2371564,18.675721 C13.863964,19.08284 13.2313966,19.1103429 12.8242777,18.7371505 C12.4171587,18.3639581 12.3896557,17.7313908 12.7628481,17.3242718 L17.6158645,12.0300721 L12.2928955,6.70710318 Z\" fill=\"#000000\" fill-rule=\"nonzero\"><\/path> <path d=\"M3.70710678,15.7071068 C3.31658249,16.0976311 2.68341751,16.0976311 2.29289322,15.7071068 C1.90236893,15.3165825 1.90236893,14.6834175 2.29289322,14.2928932 L8.29289322,8.29289322 C8.67147216,7.91431428 9.28105859,7.90106866 9.67572463,8.26284586 L15.6757246,13.7628459 C16.0828436,14.1360383 16.1103465,14.7686056 15.7371541,15.1757246 C15.3639617,15.5828436 14.7313944,15.6103465 14.3242754,15.2371541 L9.03007575,10.3841378 L3.70710678,15.7071068 Z\" fill=\"#000000\" fill-rule=\"nonzero\" opacity=\"0.3\" transform=\"translate(9.000003, 11.999999) rotate(-270.000000) translate(-9.000003, -11.999999) \"><\/path> <\/g> <\/svg><\/span><span class=\"font-weight-bold secondary-font text-heading-default\" ><\/p>\r\n<h2>Experiencia que se refleja en cada consulta<\/h2>\r\n<p><\/span><\/button>\n           <\/div>\n           <div id=\"collapse1758417729005-f8447050-cfbd\" class=\"collapse\" aria-labelledby=\"heading1758417729005-f8447050-cfbd\">\n             <div class=\"card-body\">\n                 <div class=\"pix-el-text w-100 text-left\" ><p class=\"text-18  text-secondary text-left\" ><span class=\"text-secondary animate-in d-inline-block\" data-anim-delay=\"1000\" data-anim-type=\"fade-in-up\">\u201cTo make a difference, you have to pay attention to details. That\u2019s why my commitment is to offer the highest level of care and attention to every person who trusts me to protect their vision.\u201d<\/span><\/p><\/div><div id=\"el1758417729026-957565a8-9122\" class=\"pix-el-text   w-100\" ><p class=\"\"><h3><b>Contribuci\u00f3n a la innovaci\u00f3n en salud visual\u00a0<\/b><\/h3>\n<p><span style=\"font-weight: 400;\">Participaci\u00f3n en <\/span><b>15 estudios cl\u00ednicos internacionales de fase III,<\/b><span style=\"font-weight: 400;\"> colaborando con centros l\u00edderes en investigaci\u00f3n sobre enfermedades de la retina, glaucoma y complicaciones oculares de la diabetes.<\/span><\/p>\n<h3><b>Liderazgo cl\u00ednico en enfermedades de la retina\u00a0<\/b><\/h3>\n<p><span style=\"font-weight: 400;\">M\u00e9dico de referencia en la ciudad de Tijuana por su experiencia en el manejo de casos complejos de retinopat\u00eda diab\u00e9tica, desprendimientos de retina, enfermedades de la m\u00e1cula, tumores oculares y cirug\u00eda de catarata.<\/span><\/p>\n<h3><b>Reconocimiento por la comunidad m\u00e9dica<\/b><\/h3>\n<p><span style=\"font-weight: 400;\">Ponente en congresos nacionales e internacionales en Estados Unidos, Europa y Am\u00e9rica Latina, con <\/span><b>publicaciones cient\u00edficas en revistas de alto impacto.<\/b><span style=\"font-weight: 400;\"> Su compromiso con la excelencia le ha merecido reconocimientos internacionales, entre ellos, un prestigioso premio de la <\/span><b>Pan-American Society of Retina and Vitreous.<\/b><\/p>\n<\/p><\/div>\n             <\/div>\n           <\/div>\n         <\/div><\/div><div class=\"d-block w-100 text-left\"><a  href=\"tel:+52 663 480 2000\" class=\"btn mb-2    vc_custom_1776209003144  shadow-sm shadow-hover text-white btn-primary d-inline-block     btn-rounded animate-in pix-btn-div btn-lg\" target=\"_blank\" rel=\"noopener\"  data-anim-type=\"fade-in-up\" data-anim-delay=\"800\" ><span class=\"font-weight-bold\" >Prioriza tu salud visual<\/span> <i class=\"font-weight-bold pixicon-angle-right   ml-1\"><\/i><\/a><\/div><\/div><\/div><\/div><\/div><\/section><div class=\"vc_row-full-width vc_clearfix\"><\/div><section class=\"vc_section vc_section_visible custom-responsive-173844932 vc_custom_1776207298612 vc_section-has-fill\" data-section-name=\"\"><div class=\"pix_element_overlay\" style=\"pointer-events:none;background:linear-gradient(to bottom, rgb(248,249,253) 0%, rgb(255,255,255) 100%);position:absolute;width:100%;height:100%;top:0;left:0;opacity:1;\"><\/div><div class=\"vc_row wpb_row vc_row-fluid vc_row_visible custom-responsive-57259845 vc_custom_1761070865376\"><div class=\"wpb_column vc_column_container vc_col-sm-12 text-center\"><div class=\"vc_column-inner\"><div class=\"wpb_wrapper\"><div id=\"el1774390971375-b812d647-70ff\" class=\"pix-el-text   w-100   vc_custom_1776206943154\" ><div class=\"d-inline-block\" style=\"max-width:900px;\"><p class=\"\"><h2 style=\"text-align: center;\"><b>Formaci\u00f3n certificada en oftalmolog\u00eda<\/b><\/h2>\n<\/p><\/div><\/div><div id=\"el1775067481067-2a67e452-ef99\" class=\"pix-el-text   w-100\" ><div class=\"d-inline-block\" style=\"max-width:750px;\"><p class=\"\"><p style=\"text-align: center;\"><span style=\"font-weight: 400;\">La preparaci\u00f3n constante es un pilar en la pr\u00e1ctica oftalmolog\u00eda moderna. El <\/span><b>Dr. Ulises de Dios Cuadra <\/b><span style=\"font-weight: 400;\">cuenta con certificaciones que respaldan su nivel de especializaci\u00f3n, asegurando una atenci\u00f3n basada en la <\/span><b>experiencia y conocimiento<\/b> <b>actualizado<\/b><span style=\"font-weight: 400;\">.\u00a0<\/span><\/p>\n<\/p><\/div><\/div><\/div><\/div><\/div><\/div><div class=\"vc_row wpb_row vc_row-fluid vc_row_visible vc_custom_1757662169159\"><div class=\"wpb_column vc_column_container vc_col-sm-6 text-left\"><div class=\"vc_column-inner\"><div class=\"wpb_wrapper\"><div id=\"1757662182885-e60b3d94-9228\" class=\"pix-feature-el text-left  vc_custom_1776207017977\"><div class=\"rounded-circle d-inline-block bg-secondary-light animate-in\" data-anim-type=\"fade-in\" data-anim-delay=\"100\" style=\" width:63px;height:63px;position:relative;line-height:63px;text-align:center;\"><i style=\"display:inline-block;font-size:35px;line-height:35px;\" class=\"text-secondary align-middle pixicon-heart-plus\"><\/i><\/div><h3 class=\"secondary-font  animate-in\" style=\"padding-top:20px;color:#1f3e74 !important;\" data-anim-type=\"fade-in\" data-anim-delay=\"200\">Mexican Board of Ophthalmology<\/h3><div class=\"text-body-default      animate-in\" style=\"padding-top:10px;\" data-anim-type=\"fade-in\" data-anim-delay=\"300\">Acreditado por el <b>Mexican Board of Ophthalmology<\/b>, instituci\u00f3n encargada de validar la preparaci\u00f3n de los especialistas en el pa\u00eds. Este respaldo norma que su pr\u00e1ctica se rige por lineamientos cl\u00ednicos estrictos en cada procedimiento.<\/div><\/div><\/div><\/div><\/div><div class=\"wpb_column vc_column_container vc_col-sm-6 text-left\"><div class=\"vc_column-inner\"><div class=\"wpb_wrapper\"><div id=\"1775067506770-baa8881b-a949\" class=\"pix-feature-el text-left  vc_custom_1776207059481\"><div class=\"rounded-circle d-inline-block bg-secondary-light animate-in\" data-anim-type=\"fade-in\" data-anim-delay=\"100\" style=\" width:63px;height:63px;position:relative;line-height:63px;text-align:center;\"><i style=\"display:inline-block;font-size:35px;line-height:35px;\" class=\"text-secondary align-middle pixicon-heart-plus\"><\/i><\/div><h3 class=\"secondary-font  animate-in\" style=\"padding-top:20px;color:#1f3e74 !important;\" data-anim-type=\"fade-in\" data-anim-delay=\"200\">International Council of Ophthalmology<\/h3><div class=\"text-body-default      animate-in\" style=\"padding-top:10px;\" data-anim-type=\"fade-in\" data-anim-delay=\"300\">Su certificaci\u00f3n por la <b>International Council of Ophthalmology<\/b> refleja una preparaci\u00f3n alineada con par\u00e1metros globales en la especialidad, su compromiso con la innovaci\u00f3n y la aplicaci\u00f3n de las mejores pr\u00e1cticas m\u00e9dicas a nivel internacional.<br \/>\r\n<\/div><\/div><\/div><\/div><\/div><\/div><div class=\"vc_row wpb_row vc_row-fluid vc_row_visible custom-responsive-8182897 vc_custom_1761070794070\"><div class=\"wpb_column vc_column_container vc_col-sm-4 vc_hidden-xs text-left\"><div class=\"vc_column-inner\"><div class=\"wpb_wrapper\"><\/div><\/div><\/div><div class=\"wpb_column vc_column_container vc_col-sm-4 text-left\"><div class=\"vc_column-inner\"><div class=\"wpb_wrapper\"><div class=\"d-block w-100 text-center\"><a  href=\"tel:+52 663 480 2000\" class=\"btn mb-2    vc_custom_1776207072575  shadow-sm shadow-hover text-white btn-primary d-inline-block pix-hover-item      btn-rounded animate-in pix-btn-div btn-lg\" target=\"_blank\" rel=\"noopener\"  data-anim-type=\"fade-in-up\" data-anim-delay=\"800\" ><i class=\"font-weight-bold pixicon-phone-ring  pix-hover-left  mr-1\"><\/i> <span class=\"font-weight-bold\" >Programa tu consulta<\/span><\/a><\/div><\/div><\/div><\/div><div class=\"wpb_column vc_column_container vc_col-sm-4 vc_hidden-xs text-left\"><div class=\"vc_column-inner\"><div class=\"wpb_wrapper\"><\/div><\/div><\/div><\/div><\/section>\r\n<\/section>","protected":false},"excerpt":{"rendered":"Dr. Ulises de Dios Cuadras Cirujano especialista en retina y m\u00e1culaFormaci\u00f3n profesional &nbsp; M\u00e9dico Cirujano: Universidad de Guadalajara Especialidad en Oftalmolog\u00eda: Asociaci\u00f3n para Evitar la Ceguera en M\u00e9xico (APEC) y Universidad Nacional Aut\u00f3noma de M\u00e9xico (UNAM) Alta especialidad en metodolog\u00eda...","protected":false},"author":1,"featured_media":0,"parent":0,"menu_order":0,"comment_status":"closed","ping_status":"closed","template":"","meta":{"footnotes":""},"class_list":["post-14649","page","type-page","status-publish","hentry"],"_links":{"self":[{"href":"https:\/\/clarityclinic.com.mx\/en\/wp-json\/wp\/v2\/pages\/14649","targetHints":{"allow":["GET"]}}],"collection":[{"href":"https:\/\/clarityclinic.com.mx\/en\/wp-json\/wp\/v2\/pages"}],"about":[{"href":"https:\/\/clarityclinic.com.mx\/en\/wp-json\/wp\/v2\/types\/page"}],"author":[{"embeddable":true,"href":"https:\/\/clarityclinic.com.mx\/en\/wp-json\/wp\/v2\/users\/1"}],"replies":[{"embeddable":true,"href":"https:\/\/clarityclinic.com.mx\/en\/wp-json\/wp\/v2\/comments?post=14649"}],"version-history":[{"count":24,"href":"https:\/\/clarityclinic.com.mx\/en\/wp-json\/wp\/v2\/pages\/14649\/revisions"}],"predecessor-version":[{"id":14680,"href":"https:\/\/clarityclinic.com.mx\/en\/wp-json\/wp\/v2\/pages\/14649\/revisions\/14680"}],"wp:attachment":[{"href":"https:\/\/clarityclinic.com.mx\/en\/wp-json\/wp\/v2\/media?parent=14649"}],"curies":[{"name":"wp","href":"https:\/\/api.w.org\/{rel}","templated":true}]}}