{"id":14641,"date":"2026-04-14T22:58:06","date_gmt":"2026-04-14T22:58:06","guid":{"rendered":"https:\/\/clarityclinic.com.mx\/?page_id=14641"},"modified":"2026-04-14T23:26:29","modified_gmt":"2026-04-14T23:26:29","slug":"dra-monica-saucedo-ulloa","status":"publish","type":"page","link":"https:\/\/clarityclinic.com.mx\/en\/dra-monica-saucedo-ulloa\/","title":{"rendered":"Dr. M\u00f3nica Saucedo Ulloa"},"content":{"rendered":"<section class=\"wpb-content-wrapper\"><section data-vc-full-width=\"true\" data-vc-full-width-init=\"false\" class=\"vc_section vc_section_visible custom-responsive-76800803 vc_custom_1761001375722 vc_section-has-fill\" data-section-name=\"\"><div class=\"vc_row wpb_row vc_row-fluid vc_row_visible vc_custom_1776207989666\"><div class=\"wpb_column vc_column_container vc_col-sm-12 text-left\"><div class=\"vc_column-inner\"><div class=\"wpb_wrapper\"><div id=\"el1761228755048-9d38789c-5908\" class=\"pix-el-text   w-100 text-center\" ><p class=\"text-center\"><h1 style=\"text-align: center;\"><b>Dr. M\u00f3nica Saucedo Ulloa<\/b><\/h1>\n<\/p><\/div><div class=\"pix-el-text w-100 text-center  vc_custom_1776209187424\" ><p class=\"text-24  text-secondary text-center\" ><span class=\"text-secondary animate-in d-inline-block\" data-anim-delay=\"1000\" data-anim-type=\"fade-in-up\">Surgeon specialized in cataract, premium intraocular lenses, and glaucoma treatment<\/span><\/p><\/div><\/div><\/div><\/div><\/div><div class=\"vc_row wpb_row vc_row-fluid dra-monica vc_row_visible vc_row-o-content-middle vc_row-flex\"><div class=\"wpb_column vc_column_container vc_col-sm-6 text-left\"><div class=\"vc_column-inner\"><div class=\"wpb_wrapper\"><div class=\"d-inline-block\" ><div class=\"pix-img-el  vc_custom_1760997112578   shadow text-center d-inline-block img-mov w-100 rounded-10\"  ><img loading=\"lazy\" decoding=\"async\" class=\"card-img2 pix-img-elem rounded-10  h-1002\" style=\"height:auto;\" width=\"1080\" height=\"1434\" srcset=\"https:\/\/clarityclinic.com.mx\/wp-content\/uploads\/2025\/09\/dra-monica-saucedo-ulloa.jpg 1080w, https:\/\/clarityclinic.com.mx\/wp-content\/uploads\/2025\/09\/dra-monica-saucedo-ulloa-226x300.jpg 226w, https:\/\/clarityclinic.com.mx\/wp-content\/uploads\/2025\/09\/dra-monica-saucedo-ulloa-771x1024.jpg 771w, https:\/\/clarityclinic.com.mx\/wp-content\/uploads\/2025\/09\/dra-monica-saucedo-ulloa-768x1020.jpg 768w, https:\/\/clarityclinic.com.mx\/wp-content\/uploads\/2025\/09\/dra-monica-saucedo-ulloa-9x12.jpg 9w\" sizes=\"auto, (max-width: 1080px) 100vw, 1080px\" src=\"https:\/\/clarityclinic.com.mx\/wp-content\/uploads\/2025\/09\/dra-monica-saucedo-ulloa.jpg\" alt=\"Image link\" \/><\/div><\/div><div id=\"el1760994135940-e9991a8a-30a1\" class=\"pix-el-text   w-100\" ><p class=\"\"><h2><b>Trayectoria profesional<\/b><\/h2>\n<p>&nbsp;<\/p>\n<ul>\n<li style=\"font-weight: 400;\" aria-level=\"1\"><span style=\"font-weight: 400;\">M\u00e9dico cirujano: Universidad Aut\u00f3noma de Guadalajara<\/span><\/li>\n<li style=\"font-weight: 400;\" aria-level=\"1\"><span style=\"font-weight: 400;\">Especialidad en Oftalmolog\u00eda: Hospital Conde de Valenciana y Universidad Nacional Aut\u00f3noma de M\u00e9xico (UNAM)<\/span><\/li>\n<li style=\"font-weight: 400;\" aria-level=\"1\"><span style=\"font-weight: 400;\">Alta especialidad en Cirug\u00eda de Catarata y Segmento Anterior: Instituto Conde de Valenciana y Universidad Nacional Aut\u00f3noma de M\u00e9xico (UNAM)<\/span><\/li>\n<li style=\"font-weight: 400;\" aria-level=\"1\"><span style=\"font-weight: 400;\">Alta especialidad en Glaucoma: Instituto Conde de Valenciana y Universidad Nacional Aut\u00f3noma de M\u00e9xico (UNAM)<\/span><\/li>\n<\/ul>\n<\/p><\/div><div class=\"accordion w-100 accordion-card bg-white2 rounded-lg2\" id=\"accordion-1590709472675-f4008e87-9d5b\"><div class=\"card\">\n           <div class=\"card-header bg-white pix-mb-10 shadow-sm rounded-lg\" id=\"heading1590709472686-eb19bb6a-ed3f1f88-e2f4\">\n               <button class=\"btn btn-link text-left rounded-lg bg-transparent\" type=\"button\" data-toggle=\"collapse\" data-target=\"#collapse1590709472686-eb19bb6a-ed3f1f88-e2f4\" aria-expanded=\"true\" aria-controls=\"collapse1590709472686-eb19bb6a-ed3f1f88-e2f4\" ><span class=\"d-inline-block text-secondary svg-20 pix-mr-10\"><svg width=\"100%\" height=\"100%\" viewbox=\"0 0 24 24\" version=\"1.1\" xmlns=\"http:\/\/www.w3.org\/2000\/svg\" xmlns:xlink=\"http:\/\/www.w3.org\/1999\/xlink\"> <defs><\/defs> <g stroke=\"none\" stroke-width=\"1\" fill=\"none\" fill-rule=\"evenodd\"> <path d=\"M12.2928955,6.70710318 C11.9023712,6.31657888 11.9023712,5.68341391 12.2928955,5.29288961 C12.6834198,4.90236532 13.3165848,4.90236532 13.7071091,5.29288961 L19.7071091,11.2928896 C20.085688,11.6714686 20.0989336,12.281055 19.7371564,12.675721 L14.2371564,18.675721 C13.863964,19.08284 13.2313966,19.1103429 12.8242777,18.7371505 C12.4171587,18.3639581 12.3896557,17.7313908 12.7628481,17.3242718 L17.6158645,12.0300721 L12.2928955,6.70710318 Z\" fill=\"#000000\" fill-rule=\"nonzero\"><\/path> <path d=\"M3.70710678,15.7071068 C3.31658249,16.0976311 2.68341751,16.0976311 2.29289322,15.7071068 C1.90236893,15.3165825 1.90236893,14.6834175 2.29289322,14.2928932 L8.29289322,8.29289322 C8.67147216,7.91431428 9.28105859,7.90106866 9.67572463,8.26284586 L15.6757246,13.7628459 C16.0828436,14.1360383 16.1103465,14.7686056 15.7371541,15.1757246 C15.3639617,15.5828436 14.7313944,15.6103465 14.3242754,15.2371541 L9.03007575,10.3841378 L3.70710678,15.7071068 Z\" fill=\"#000000\" fill-rule=\"nonzero\" opacity=\"0.3\" transform=\"translate(9.000003, 11.999999) rotate(-270.000000) translate(-9.000003, -11.999999) \"><\/path> <\/g> <\/svg><\/span><span class=\"font-weight-bold secondary-font text-heading-default\" >\r\n<h2>Experiencia al servicio de tu salud visual<\/h2>\r\n<\/span><\/button>\n           <\/div>\n           <div id=\"collapse1590709472686-eb19bb6a-ed3f1f88-e2f4\" class=\"collapse\" aria-labelledby=\"heading1590709472686-eb19bb6a-ed3f1f88-e2f4\">\n             <div class=\"card-body\">\n                 <div class=\"pix-el-text w-100 text-left\" ><p class=\"text-18  text-secondary text-left\" ><span class=\"text-secondary animate-in d-inline-block\" data-anim-delay=\"1000\" data-anim-type=\"fade-in-up\">\u201cSeeing clearly is part of your quality of life, and helping you achieve it is part of my\nprofessional purpose\".<\/span><\/p><\/div><div id=\"el1758417393190-8263a13c-7169\" class=\"pix-el-text   w-100   vc_custom_1776208332645\" ><p class=\"\"><h3>Liderazgo en cirug\u00eda de catarata<\/h3>\n<p><span style=\"font-weight: 400;\">Fundadora y directora m\u00e9dica de <\/span><b>Clarity Eye Clinic en Tijuana.<\/b><span style=\"font-weight: 400;\"> Con una amplia experiencia quir\u00fargica, realiza m\u00e1s de 400 cirug\u00edas de catarata anuales, incluyendo casos complejos donde se combina la precisi\u00f3n t\u00e9cnica con un enfoque totalmente personalizado.<\/span><\/p>\n<h3>Soluciones visuales avanzadas<\/h3>\n<p><span style=\"font-weight: 400;\">Especialista en lentes intraoculares premium, dise\u00f1ados para mejorar no solo la visi\u00f3n, sino tambi\u00e9n la calidad de vida de cada paciente.<\/span><\/p>\n<h3>Innovaci\u00f3n en el manejo integral del glaucoma<\/h3>\n<p><span style=\"font-weight: 400;\">En el tratamiento de glaucoma, implementa cirug\u00eda avanzada con t\u00e9cnicas m\u00ednimamente invasivas: <\/span><b>SLT, MIGS y v\u00e1lvulas. <\/b><span style=\"font-weight: 400;\">Su pr\u00e1ctica privada se distingue por el uso de tecnolog\u00eda diagn\u00f3stica de alta precisi\u00f3n (Anterion, Pentacam, OCT Trit\u00f3n), lo que le permite realizar evaluaciones detalladas.<\/span><\/p>\n<\/p><\/div>\n             <\/div>\n           <\/div>\n         <\/div><\/div><div class=\"d-block w-100 text-left\"><a  href=\"https:\/\/clarityclinic.com.mx\/en\/contacto\/\" class=\"btn mb-2    vc_custom_1776205507272  shadow-lg shadow-hover-lg text-white btn-primary d-inline-block pix-hover-item      btn-rounded animate-in pix-btn-div btn-md\"   data-anim-type=\"fade-in-up\" data-anim-delay=\"800\" ><span class=\"font-weight-bold\" >Atenci\u00f3n visual especializada<\/span> <i class=\"font-weight-bold pixicon-angle-right  pix-hover-right  ml-1\"><\/i><\/a><\/div><\/div><\/div><\/div><div class=\"wpb_column vc_column_container vc_col-sm-6 vc_hidden-xs text-left\"><div class=\"vc_column-inner\"><div class=\"wpb_wrapper\"><div class=\"d-inline-block\" ><div class=\"pix-img-el    shadow text-center d-inline-block  w-100 rounded-10\"  ><img loading=\"lazy\" decoding=\"async\" class=\"card-img2 pix-img-elem rounded-10  h-1002\" style=\"height:auto;\" width=\"1080\" height=\"1434\" srcset=\"https:\/\/clarityclinic.com.mx\/wp-content\/uploads\/2025\/09\/dra-monica-saucedo-ulloa.jpg 1080w, https:\/\/clarityclinic.com.mx\/wp-content\/uploads\/2025\/09\/dra-monica-saucedo-ulloa-226x300.jpg 226w, https:\/\/clarityclinic.com.mx\/wp-content\/uploads\/2025\/09\/dra-monica-saucedo-ulloa-771x1024.jpg 771w, https:\/\/clarityclinic.com.mx\/wp-content\/uploads\/2025\/09\/dra-monica-saucedo-ulloa-768x1020.jpg 768w, https:\/\/clarityclinic.com.mx\/wp-content\/uploads\/2025\/09\/dra-monica-saucedo-ulloa-9x12.jpg 9w\" sizes=\"auto, (max-width: 1080px) 100vw, 1080px\" src=\"https:\/\/clarityclinic.com.mx\/wp-content\/uploads\/2025\/09\/dra-monica-saucedo-ulloa.jpg\" alt=\"Image link\" \/><\/div><\/div><\/div><\/div><\/div><\/div><\/section><div class=\"vc_row-full-width vc_clearfix\"><\/div><section id=\"consecuencias\" class=\"vc_section vc_section_visible consecuencias vc_custom_1774391374331 vc_section-has-fill\" data-section-name=\"\"><div class=\"pix_element_overlay\" style=\"pointer-events:none;background:linear-gradient(to bottom, rgb(248,249,253) 0%, rgb(255,255,255) 100%);position:absolute;width:100%;height:100%;top:0;left:0;opacity:1;\"><\/div><div class=\"vc_row wpb_row vc_row-fluid vc_row_visible custom-responsive-117189410 vc_custom_1761070865376\"><div class=\"wpb_column vc_column_container vc_col-sm-12 text-center\"><div class=\"vc_column-inner\"><div class=\"wpb_wrapper\"><div id=\"el1774390971375-b812d647-70ff\" class=\"pix-el-text   w-100   vc_custom_1776207365592\" ><div class=\"d-inline-block\" style=\"max-width:900px;\"><p class=\"\"><h2 style=\"text-align: center;\"><b>Certificaciones m\u00e9dicas<\/b><\/h2>\n<\/p><\/div><\/div><div id=\"el1775067481067-2a67e452-ef99\" class=\"pix-el-text   w-100\" ><div class=\"d-inline-block\" style=\"max-width:750px;\"><p class=\"\"><p style=\"text-align: center;\"><span style=\"font-weight: 400;\">La formaci\u00f3n continua y la validaci\u00f3n profesional son fundamentales para garantizar una atenci\u00f3n oftalmol\u00f3gica de alto nivel. La <\/span><b>Dr. M\u00f3nica Saucedo Ulloa<\/b><span style=\"font-weight: 400;\"> cuenta con certificaciones que avalan su conocimiento, habilidades cl\u00ednicas y compromiso con la excelencia m\u00e9dica a nivel nacional e internacional.\u00a0<\/span><\/p>\n<\/p><\/div><\/div><\/div><\/div><\/div><\/div><div class=\"vc_row wpb_row vc_row-fluid vc_row_visible vc_custom_1757662169159\"><div class=\"wpb_column vc_column_container vc_col-sm-6 text-left\"><div class=\"vc_column-inner\"><div class=\"wpb_wrapper\"><div id=\"1757662182885-e60b3d94-9228\" class=\"pix-feature-el text-left  vc_custom_1776207428013\"><div class=\"rounded-circle d-inline-block bg-secondary-light animate-in\" data-anim-type=\"fade-in\" data-anim-delay=\"100\" style=\" width:63px;height:63px;position:relative;line-height:63px;text-align:center;\"><i style=\"display:inline-block;font-size:35px;line-height:35px;\" class=\"text-secondary align-middle pixicon-heart-plus\"><\/i><\/div><h3 class=\"secondary-font  animate-in\" style=\"padding-top:20px;color:#1f3e74 !important;\" data-anim-type=\"fade-in\" data-anim-delay=\"200\">Consejo Mexicano de Oftalmolog\u00eda (CMO)<\/h3><div class=\"text-body-default      animate-in\" style=\"padding-top:10px;\" data-anim-type=\"fade-in\" data-anim-delay=\"300\">Certified by the <b>Mexican Board of Ophthalmology<\/b>, organismo que avala la competencia de los especialistas en el pa\u00eds desde 1974. La CMO garantiza que su pr\u00e1ctica cumple con los est\u00e1ndares m\u00e1s altos en diagn\u00f3stico, tratamiento y cirug\u00eda oftalmol\u00f3gica.\r\n<\/div><\/div><\/div><\/div><\/div><div class=\"wpb_column vc_column_container vc_col-sm-6 text-left\"><div class=\"vc_column-inner\"><div class=\"wpb_wrapper\"><div id=\"1775067506770-baa8881b-a949\" class=\"pix-feature-el text-left  vc_custom_1776207468348\"><div class=\"rounded-circle d-inline-block bg-secondary-light animate-in\" data-anim-type=\"fade-in\" data-anim-delay=\"100\" style=\" width:63px;height:63px;position:relative;line-height:63px;text-align:center;\"><i style=\"display:inline-block;font-size:35px;line-height:35px;\" class=\"text-secondary align-middle pixicon-heart-plus\"><\/i><\/div><h3 class=\"secondary-font  animate-in\" style=\"padding-top:20px;color:#1f3e74 !important;\" data-anim-type=\"fade-in\" data-anim-delay=\"200\">International Council of Ophthalmology (ICO)<\/h3><div class=\"text-body-default      animate-in\" style=\"padding-top:10px;\" data-anim-type=\"fade-in\" data-anim-delay=\"300\">Cuenta con certificaci\u00f3n del <b>International Council of Ophthalmology<\/b>, una instituci\u00f3n de prestigio global que valida la formaci\u00f3n oftalmol\u00f3gica a nivel internacional. Este reconocimiento respalda su preparaci\u00f3n como m\u00e9dico capaz de ofrecer atenci\u00f3n personalizada alineada a est\u00e1ndares globales de calidad.\r\n\r\n<\/div><\/div><\/div><\/div><\/div><\/div><div class=\"vc_row wpb_row vc_row-fluid vc_row_visible custom-responsive-183149698 vc_custom_1761070794070\"><div class=\"wpb_column vc_column_container vc_col-sm-4 vc_hidden-xs text-left\"><div class=\"vc_column-inner\"><div class=\"wpb_wrapper\"><\/div><\/div><\/div><div class=\"wpb_column vc_column_container vc_col-sm-4 text-left\"><div class=\"vc_column-inner\"><div class=\"wpb_wrapper\"><div class=\"d-block w-100 text-center\"><a  href=\"tel:+52 663 480 2000\" class=\"btn mb-2    vc_custom_1776207480971  shadow-sm shadow-hover text-white btn-primary d-inline-block pix-hover-item      btn-rounded animate-in pix-btn-div btn-lg\" target=\"_blank\" rel=\"noopener\"  data-anim-type=\"fade-in-up\" data-anim-delay=\"800\" ><i class=\"font-weight-bold pixicon-phone-ring  pix-hover-left  mr-1\"><\/i> <span class=\"font-weight-bold\" >Book your appointment<\/span><\/a><\/div><\/div><\/div><\/div><div class=\"wpb_column vc_column_container vc_col-sm-4 vc_hidden-xs text-left\"><div class=\"vc_column-inner\"><div class=\"wpb_wrapper\"><\/div><\/div><\/div><\/div><\/section><\/section>","protected":false},"excerpt":{"rendered":"Dra. M\u00f3nica Saucedo Ulloa Cirujana especialista en catarata, lentes premium y glaucomaTrayectoria profesional &nbsp; M\u00e9dico cirujano: Universidad Aut\u00f3noma de Guadalajara Especialidad en Oftalmolog\u00eda: Hospital Conde de Valenciana y Universidad Nacional Aut\u00f3noma de M\u00e9xico (UNAM) Alta especialidad en Cirug\u00eda de Catarata...","protected":false},"author":1,"featured_media":0,"parent":0,"menu_order":0,"comment_status":"closed","ping_status":"closed","template":"","meta":{"footnotes":""},"class_list":["post-14641","page","type-page","status-publish","hentry"],"_links":{"self":[{"href":"https:\/\/clarityclinic.com.mx\/en\/wp-json\/wp\/v2\/pages\/14641","targetHints":{"allow":["GET"]}}],"collection":[{"href":"https:\/\/clarityclinic.com.mx\/en\/wp-json\/wp\/v2\/pages"}],"about":[{"href":"https:\/\/clarityclinic.com.mx\/en\/wp-json\/wp\/v2\/types\/page"}],"author":[{"embeddable":true,"href":"https:\/\/clarityclinic.com.mx\/en\/wp-json\/wp\/v2\/users\/1"}],"replies":[{"embeddable":true,"href":"https:\/\/clarityclinic.com.mx\/en\/wp-json\/wp\/v2\/comments?post=14641"}],"version-history":[{"count":14,"href":"https:\/\/clarityclinic.com.mx\/en\/wp-json\/wp\/v2\/pages\/14641\/revisions"}],"predecessor-version":[{"id":14679,"href":"https:\/\/clarityclinic.com.mx\/en\/wp-json\/wp\/v2\/pages\/14641\/revisions\/14679"}],"wp:attachment":[{"href":"https:\/\/clarityclinic.com.mx\/en\/wp-json\/wp\/v2\/media?parent=14641"}],"curies":[{"name":"wp","href":"https:\/\/api.w.org\/{rel}","templated":true}]}}