{"id":13732,"date":"2025-09-09T18:29:06","date_gmt":"2025-09-09T18:29:06","guid":{"rendered":"https:\/\/clarityclinic.com.mx\/?page_id=13732"},"modified":"2025-10-23T16:22:14","modified_gmt":"2025-10-23T16:22:14","slug":"consulta-oftalmologica-integral","status":"publish","type":"page","link":"https:\/\/clarityclinic.com.mx\/en\/consulta-oftalmologica-integral\/","title":{"rendered":"Comprehensive eye consultation"},"content":{"rendered":"<section class=\"wpb-content-wrapper\"><section id=\"banner-ofta\" data-vc-full-width=\"true\" data-vc-full-width-init=\"false\" class=\"vc_section vc_section_visible vc_custom_1760561122351 vc_section-has-fill vc_section-o-content-middle vc_section-flex\" data-section-name=\"\"><div class=\"pix_element_overlay  bg-primary\" style=\"pointer-events:none;;position:absolute;width:100%;height:100%;top:0;left:0;opacity:.7;\"><\/div><div class=\"vc_row wpb_row vc_row-fluid vc_row_visible vc_custom_1600954572083\"><div class=\"wpb_column vc_column_container vc_col-sm-12 text-left\"><div class=\"vc_column-inner  vc_custom_1757371048212\"><div class=\"wpb_wrapper\"><div class=\"pix-element-div w-100 text-left\"><span class=\"pix-badge-element h5 d-inline-block mr-1 animate-in\" data-anim-type=\"fade-in-up\" data-anim-delay=\"0\"><span class=\"badge font-weight-normal secondary-font badge-pill bg-white  vc_custom_1757442009741\" style=\" \"><span class=\"text-secondary\" style=\"\">Because seeing well means living better!<\/span><\/span><\/span><\/div><div id=\"el1761235975871-34425760-4df9\" class=\"pix-el-text   w-100   vc_custom_1761236049735\" ><div class=\"d-inline-block\" style=\"max-width:700px;\"><p class=\"\"><h1><span style=\"color: #ffffff;\">Comprehensive eye consultation<\/span><\/h1>\n<\/p><\/div><\/div><div class=\"pix-el-text w-100 text-left  vc_custom_1759768318814\" ><div class=\"d-inline-block\" style=\"max-width:650px;\"><p class=\"text-20  text-white text-left\" ><span class=\"text-white animate-in d-inline-block\" data-anim-delay=\"200\" data-anim-type=\"fade-in-up\">When was your last full eye check-up?<\/span><\/p><\/div><\/div><a  href=\"https:\/\/clarityclinic.com.mx\/en\/contacto\/\" class=\"btn mb-2     shadow-lg shadow-hover-lg text-white btn-secondary d-inline-block pix-hover-item      btn-rounded animate-in btn-normal\"   data-anim-type=\"fade-in-left\" data-anim-delay=\"400\" ><i class=\"font-weight-bold pixicon-user-circle-1  pix-hover-left  mr-1\"><\/i> <span class=\"font-weight-bold\" >Schedule your eye evaluation<\/span><\/a><\/div><\/div><\/div><\/div><\/section><div class=\"vc_row-full-width vc_clearfix\"><\/div><section class=\"vc_section vc_section_visible custom-responsive-30231084 vc_custom_1761072423843 vc_section-o-content-middle vc_section-flex\" data-section-name=\"\"><div class=\"vc_row wpb_row vc_row-fluid reverse-section vc_row_visible vc_row-o-content-middle vc_row-flex\"><div class=\"wpb_column vc_column_container vc_col-sm-6 vc_hidden-xs text-left\"><div class=\"vc_column-inner\"><div class=\"wpb_wrapper\"><div class=\"d-inline-block\" ><div class=\"pix-img-el    shadow text-center d-inline-block  w-100 rounded-10\"  ><img loading=\"lazy\" decoding=\"async\" class=\"card-img2 pix-img-elem rounded-10  h-1002\" style=\"height:auto;\" width=\"1080\" height=\"1692\" srcset=\"https:\/\/clarityclinic.com.mx\/wp-content\/uploads\/2025\/09\/consulta-oftalmologica-tijuana.png 1080w, https:\/\/clarityclinic.com.mx\/wp-content\/uploads\/2025\/09\/consulta-oftalmologica-tijuana-191x300.png 191w, https:\/\/clarityclinic.com.mx\/wp-content\/uploads\/2025\/09\/consulta-oftalmologica-tijuana-654x1024.png 654w, https:\/\/clarityclinic.com.mx\/wp-content\/uploads\/2025\/09\/consulta-oftalmologica-tijuana-768x1203.png 768w, https:\/\/clarityclinic.com.mx\/wp-content\/uploads\/2025\/09\/consulta-oftalmologica-tijuana-980x1536.png 980w, https:\/\/clarityclinic.com.mx\/wp-content\/uploads\/2025\/09\/consulta-oftalmologica-tijuana-8x12.png 8w\" sizes=\"auto, (max-width: 1080px) 100vw, 1080px\" src=\"https:\/\/clarityclinic.com.mx\/wp-content\/uploads\/2025\/09\/consulta-oftalmologica-tijuana.png\" alt=\"Image link\" \/><\/div><\/div><\/div><\/div><\/div><div class=\"wpb_column vc_column_container vc_col-sm-6 text-left\"><div class=\"vc_column-inner\"><div class=\"wpb_wrapper\"><div class=\"pix-el-text w-100 text-left  vc_custom_1758416236292\" ><p class=\"text-24  text-secondary text-left\" ><span class=\"text-secondary animate-in d-inline-block\" data-anim-delay=\"1000\" data-anim-type=\"fade-in-up\">Trust your vision to experienced professionals<\/span><\/p><\/div><div id=\"el1761236075053-a97b5646-1504\" class=\"pix-el-text   w-100   vc_custom_1761236528217\" ><p class=\"\"><h2>Comprehensive ophthalmology for every stage of life<\/h2>\n<\/p><\/div><div id=\"el1755896017265-55baa3cc-2d3b\" class=\"pix-el-text   w-100\" ><p class=\"\"><p>We care for your vision as if it were our own \u2014 with time, attention, and a comprehensive approach.<\/p>\n<p><strong>What does a comprehensive eye examination include?\u00a0<\/strong><\/p>\n<\/p><\/div><div id=\"duo-icon-107414614\" class=\"slide-in-container w-100\" ><div class=\"py-2 animate-in\" data-anim-type=\"fade-in-up\" data-anim-delay=\"0\"><div class=\"pix-feature-list text-18    secondary-font   py-2 d-flex align-items-center\" ><div class=\"pix-mr-10 text-secondary\" style=\"width:1.5em;min-width:1.5em;height:1.5em;min-width:1.5em;position:relative;line-height:1em;text-align:center;\"><svg width=\"100%\" height=\"100%\" viewbox=\"0 0 24 24\" version=\"1.1\" xmlns=\"http:\/\/www.w3.org\/2000\/svg\" xmlns:xlink=\"http:\/\/www.w3.org\/1999\/xlink\"> <defs><\/defs> <g stroke=\"none\" stroke-width=\"1\" fill=\"none\" fill-rule=\"evenodd\"> <path d=\"M9.26193932,16.6476484 C8.90425297,17.0684559 8.27315905,17.1196257 7.85235158,16.7619393 C7.43154411,16.404253 7.38037434,15.773159 7.73806068,15.3523516 L16.2380607,5.35235158 C16.6013618,4.92493855 17.2451015,4.87991302 17.6643638,5.25259068 L22.1643638,9.25259068 C22.5771466,9.6195087 22.6143273,10.2515811 22.2474093,10.6643638 C21.8804913,11.0771466 21.2484189,11.1143273 20.8356362,10.7474093 L17.0997854,7.42665306 L9.26193932,16.6476484 Z\" id=\"Path-94-Copy\" fill=\"#000000\" fill-rule=\"nonzero\" opacity=\"0.3\" transform=\"translate(14.999995, 11.000002) rotate(-180.000000) translate(-14.999995, -11.000002) \"><\/path> <path d=\"M4.26193932,17.6476484 C3.90425297,18.0684559 3.27315905,18.1196257 2.85235158,17.7619393 C2.43154411,17.404253 2.38037434,16.773159 2.73806068,16.3523516 L11.2380607,6.35235158 C11.6013618,5.92493855 12.2451015,5.87991302 12.6643638,6.25259068 L17.1643638,10.2525907 C17.5771466,10.6195087 17.6143273,11.2515811 17.2474093,11.6643638 C16.8804913,12.0771466 16.2484189,12.1143273 15.8356362,11.7474093 L12.0997854,8.42665306 L4.26193932,17.6476484 Z\" fill=\"#000000\" fill-rule=\"nonzero\" transform=\"translate(9.999995, 12.000002) rotate(-180.000000) translate(-9.999995, -12.000002) \"><\/path> <\/g> <\/svg><\/div><span class=\"text-body-default\">Visual acuity test<\/span><\/div><div class=\"pix-feature-list text-18    secondary-font   py-2 d-flex align-items-center\" ><div class=\"pix-mr-10 text-secondary\" style=\"width:1.5em;min-width:1.5em;height:1.5em;min-width:1.5em;position:relative;line-height:1em;text-align:center;\"><svg width=\"100%\" height=\"100%\" viewbox=\"0 0 24 24\" version=\"1.1\" xmlns=\"http:\/\/www.w3.org\/2000\/svg\" xmlns:xlink=\"http:\/\/www.w3.org\/1999\/xlink\"> <defs><\/defs> <g stroke=\"none\" stroke-width=\"1\" fill=\"none\" fill-rule=\"evenodd\"> <path d=\"M9.26193932,16.6476484 C8.90425297,17.0684559 8.27315905,17.1196257 7.85235158,16.7619393 C7.43154411,16.404253 7.38037434,15.773159 7.73806068,15.3523516 L16.2380607,5.35235158 C16.6013618,4.92493855 17.2451015,4.87991302 17.6643638,5.25259068 L22.1643638,9.25259068 C22.5771466,9.6195087 22.6143273,10.2515811 22.2474093,10.6643638 C21.8804913,11.0771466 21.2484189,11.1143273 20.8356362,10.7474093 L17.0997854,7.42665306 L9.26193932,16.6476484 Z\" id=\"Path-94-Copy\" fill=\"#000000\" fill-rule=\"nonzero\" opacity=\"0.3\" transform=\"translate(14.999995, 11.000002) rotate(-180.000000) translate(-14.999995, -11.000002) \"><\/path> <path d=\"M4.26193932,17.6476484 C3.90425297,18.0684559 3.27315905,18.1196257 2.85235158,17.7619393 C2.43154411,17.404253 2.38037434,16.773159 2.73806068,16.3523516 L11.2380607,6.35235158 C11.6013618,5.92493855 12.2451015,5.87991302 12.6643638,6.25259068 L17.1643638,10.2525907 C17.5771466,10.6195087 17.6143273,11.2515811 17.2474093,11.6643638 C16.8804913,12.0771466 16.2484189,12.1143273 15.8356362,11.7474093 L12.0997854,8.42665306 L4.26193932,17.6476484 Z\" fill=\"#000000\" fill-rule=\"nonzero\" transform=\"translate(9.999995, 12.000002) rotate(-180.000000) translate(-9.999995, -12.000002) \"><\/path> <\/g> <\/svg><\/div><span class=\"text-body-default\">Prescription and fitting of glasses if needed<\/span><\/div><div class=\"pix-feature-list text-18    secondary-font   py-2 d-flex align-items-center\" ><div class=\"pix-mr-10 text-secondary\" style=\"width:1.5em;min-width:1.5em;height:1.5em;min-width:1.5em;position:relative;line-height:1em;text-align:center;\"><svg width=\"100%\" height=\"100%\" viewbox=\"0 0 24 24\" version=\"1.1\" xmlns=\"http:\/\/www.w3.org\/2000\/svg\" xmlns:xlink=\"http:\/\/www.w3.org\/1999\/xlink\"> <defs><\/defs> <g stroke=\"none\" stroke-width=\"1\" fill=\"none\" fill-rule=\"evenodd\"> <path d=\"M9.26193932,16.6476484 C8.90425297,17.0684559 8.27315905,17.1196257 7.85235158,16.7619393 C7.43154411,16.404253 7.38037434,15.773159 7.73806068,15.3523516 L16.2380607,5.35235158 C16.6013618,4.92493855 17.2451015,4.87991302 17.6643638,5.25259068 L22.1643638,9.25259068 C22.5771466,9.6195087 22.6143273,10.2515811 22.2474093,10.6643638 C21.8804913,11.0771466 21.2484189,11.1143273 20.8356362,10.7474093 L17.0997854,7.42665306 L9.26193932,16.6476484 Z\" id=\"Path-94-Copy\" fill=\"#000000\" fill-rule=\"nonzero\" opacity=\"0.3\" transform=\"translate(14.999995, 11.000002) rotate(-180.000000) translate(-14.999995, -11.000002) \"><\/path> <path d=\"M4.26193932,17.6476484 C3.90425297,18.0684559 3.27315905,18.1196257 2.85235158,17.7619393 C2.43154411,17.404253 2.38037434,16.773159 2.73806068,16.3523516 L11.2380607,6.35235158 C11.6013618,5.92493855 12.2451015,5.87991302 12.6643638,6.25259068 L17.1643638,10.2525907 C17.5771466,10.6195087 17.6143273,11.2515811 17.2474093,11.6643638 C16.8804913,12.0771466 16.2484189,12.1143273 15.8356362,11.7474093 L12.0997854,8.42665306 L4.26193932,17.6476484 Z\" fill=\"#000000\" fill-rule=\"nonzero\" transform=\"translate(9.999995, 12.000002) rotate(-180.000000) translate(-9.999995, -12.000002) \"><\/path> <\/g> <\/svg><\/div><span class=\"text-body-default\">Intraocular pressure measurement<\/span><\/div><div class=\"pix-feature-list text-18    secondary-font   py-2 d-flex align-items-center\" ><div class=\"pix-mr-10 text-secondary\" style=\"width:1.5em;min-width:1.5em;height:1.5em;min-width:1.5em;position:relative;line-height:1em;text-align:center;\"><svg width=\"100%\" height=\"100%\" viewbox=\"0 0 24 24\" version=\"1.1\" xmlns=\"http:\/\/www.w3.org\/2000\/svg\" xmlns:xlink=\"http:\/\/www.w3.org\/1999\/xlink\"> <defs><\/defs> <g stroke=\"none\" stroke-width=\"1\" fill=\"none\" fill-rule=\"evenodd\"> <path d=\"M9.26193932,16.6476484 C8.90425297,17.0684559 8.27315905,17.1196257 7.85235158,16.7619393 C7.43154411,16.404253 7.38037434,15.773159 7.73806068,15.3523516 L16.2380607,5.35235158 C16.6013618,4.92493855 17.2451015,4.87991302 17.6643638,5.25259068 L22.1643638,9.25259068 C22.5771466,9.6195087 22.6143273,10.2515811 22.2474093,10.6643638 C21.8804913,11.0771466 21.2484189,11.1143273 20.8356362,10.7474093 L17.0997854,7.42665306 L9.26193932,16.6476484 Z\" id=\"Path-94-Copy\" fill=\"#000000\" fill-rule=\"nonzero\" opacity=\"0.3\" transform=\"translate(14.999995, 11.000002) rotate(-180.000000) translate(-14.999995, -11.000002) \"><\/path> <path d=\"M4.26193932,17.6476484 C3.90425297,18.0684559 3.27315905,18.1196257 2.85235158,17.7619393 C2.43154411,17.404253 2.38037434,16.773159 2.73806068,16.3523516 L11.2380607,6.35235158 C11.6013618,5.92493855 12.2451015,5.87991302 12.6643638,6.25259068 L17.1643638,10.2525907 C17.5771466,10.6195087 17.6143273,11.2515811 17.2474093,11.6643638 C16.8804913,12.0771466 16.2484189,12.1143273 15.8356362,11.7474093 L12.0997854,8.42665306 L4.26193932,17.6476484 Z\" fill=\"#000000\" fill-rule=\"nonzero\" transform=\"translate(9.999995, 12.000002) rotate(-180.000000) translate(-9.999995, -12.000002) \"><\/path> <\/g> <\/svg><\/div><span class=\"text-body-default\">Evaluation of the retina, macula, cornea, lens, and optic nerve<\/span><\/div><div class=\"pix-feature-list text-18    secondary-font   py-2 d-flex align-items-center\" ><div class=\"pix-mr-10 text-secondary\" style=\"width:1.5em;min-width:1.5em;height:1.5em;min-width:1.5em;position:relative;line-height:1em;text-align:center;\"><svg width=\"100%\" height=\"100%\" viewbox=\"0 0 24 24\" version=\"1.1\" xmlns=\"http:\/\/www.w3.org\/2000\/svg\" xmlns:xlink=\"http:\/\/www.w3.org\/1999\/xlink\"> <defs><\/defs> <g stroke=\"none\" stroke-width=\"1\" fill=\"none\" fill-rule=\"evenodd\"> <path d=\"M9.26193932,16.6476484 C8.90425297,17.0684559 8.27315905,17.1196257 7.85235158,16.7619393 C7.43154411,16.404253 7.38037434,15.773159 7.73806068,15.3523516 L16.2380607,5.35235158 C16.6013618,4.92493855 17.2451015,4.87991302 17.6643638,5.25259068 L22.1643638,9.25259068 C22.5771466,9.6195087 22.6143273,10.2515811 22.2474093,10.6643638 C21.8804913,11.0771466 21.2484189,11.1143273 20.8356362,10.7474093 L17.0997854,7.42665306 L9.26193932,16.6476484 Z\" id=\"Path-94-Copy\" fill=\"#000000\" fill-rule=\"nonzero\" opacity=\"0.3\" transform=\"translate(14.999995, 11.000002) rotate(-180.000000) translate(-14.999995, -11.000002) \"><\/path> <path d=\"M4.26193932,17.6476484 C3.90425297,18.0684559 3.27315905,18.1196257 2.85235158,17.7619393 C2.43154411,17.404253 2.38037434,16.773159 2.73806068,16.3523516 L11.2380607,6.35235158 C11.6013618,5.92493855 12.2451015,5.87991302 12.6643638,6.25259068 L17.1643638,10.2525907 C17.5771466,10.6195087 17.6143273,11.2515811 17.2474093,11.6643638 C16.8804913,12.0771466 16.2484189,12.1143273 15.8356362,11.7474093 L12.0997854,8.42665306 L4.26193932,17.6476484 Z\" fill=\"#000000\" fill-rule=\"nonzero\" transform=\"translate(9.999995, 12.000002) rotate(-180.000000) translate(-9.999995, -12.000002) \"><\/path> <\/g> <\/svg><\/div><span class=\"text-body-default\">Early detection of glaucoma, cataracts, and other eye conditions<\/span><\/div><div class=\"pix-feature-list text-18    secondary-font   py-2 d-flex align-items-center\" ><div class=\"pix-mr-10 text-secondary\" style=\"width:1.5em;min-width:1.5em;height:1.5em;min-width:1.5em;position:relative;line-height:1em;text-align:center;\"><svg width=\"100%\" height=\"100%\" viewbox=\"0 0 24 24\" version=\"1.1\" xmlns=\"http:\/\/www.w3.org\/2000\/svg\" xmlns:xlink=\"http:\/\/www.w3.org\/1999\/xlink\"> <defs><\/defs> <g stroke=\"none\" stroke-width=\"1\" fill=\"none\" fill-rule=\"evenodd\"> <path d=\"M9.26193932,16.6476484 C8.90425297,17.0684559 8.27315905,17.1196257 7.85235158,16.7619393 C7.43154411,16.404253 7.38037434,15.773159 7.73806068,15.3523516 L16.2380607,5.35235158 C16.6013618,4.92493855 17.2451015,4.87991302 17.6643638,5.25259068 L22.1643638,9.25259068 C22.5771466,9.6195087 22.6143273,10.2515811 22.2474093,10.6643638 C21.8804913,11.0771466 21.2484189,11.1143273 20.8356362,10.7474093 L17.0997854,7.42665306 L9.26193932,16.6476484 Z\" id=\"Path-94-Copy\" fill=\"#000000\" fill-rule=\"nonzero\" opacity=\"0.3\" transform=\"translate(14.999995, 11.000002) rotate(-180.000000) translate(-14.999995, -11.000002) \"><\/path> <path d=\"M4.26193932,17.6476484 C3.90425297,18.0684559 3.27315905,18.1196257 2.85235158,17.7619393 C2.43154411,17.404253 2.38037434,16.773159 2.73806068,16.3523516 L11.2380607,6.35235158 C11.6013618,5.92493855 12.2451015,5.87991302 12.6643638,6.25259068 L17.1643638,10.2525907 C17.5771466,10.6195087 17.6143273,11.2515811 17.2474093,11.6643638 C16.8804913,12.0771466 16.2484189,12.1143273 15.8356362,11.7474093 L12.0997854,8.42665306 L4.26193932,17.6476484 Z\" fill=\"#000000\" fill-rule=\"nonzero\" transform=\"translate(9.999995, 12.000002) rotate(-180.000000) translate(-9.999995, -12.000002) \"><\/path> <\/g> <\/svg><\/div><span class=\"text-body-default\">Personalized advice for your visual health <\/span><\/div><\/div><\/div><div class=\"d-inline-block\" ><div class=\"pix-img-el    shadow text-center d-inline-block img-mov w-100 rounded-10\"  ><img loading=\"lazy\" decoding=\"async\" class=\"card-img2 pix-img-elem rounded-10  h-1002\" style=\"height:auto;\" width=\"1080\" height=\"1692\" srcset=\"https:\/\/clarityclinic.com.mx\/wp-content\/uploads\/2025\/09\/consulta-oftalmologica-tijuana.png 1080w, https:\/\/clarityclinic.com.mx\/wp-content\/uploads\/2025\/09\/consulta-oftalmologica-tijuana-191x300.png 191w, https:\/\/clarityclinic.com.mx\/wp-content\/uploads\/2025\/09\/consulta-oftalmologica-tijuana-654x1024.png 654w, https:\/\/clarityclinic.com.mx\/wp-content\/uploads\/2025\/09\/consulta-oftalmologica-tijuana-768x1203.png 768w, https:\/\/clarityclinic.com.mx\/wp-content\/uploads\/2025\/09\/consulta-oftalmologica-tijuana-980x1536.png 980w, https:\/\/clarityclinic.com.mx\/wp-content\/uploads\/2025\/09\/consulta-oftalmologica-tijuana-8x12.png 8w\" sizes=\"auto, (max-width: 1080px) 100vw, 1080px\" src=\"https:\/\/clarityclinic.com.mx\/wp-content\/uploads\/2025\/09\/consulta-oftalmologica-tijuana.png\" alt=\"Image link\" \/><\/div><\/div><div class=\"d-block w-100 text-left\"><a  href=\"https:\/\/clarityclinic.com.mx\/en\/contacto\/\" class=\"btn mb-2    vc_custom_1757441637373  shadow-lg shadow-hover-lg text-white btn-primary d-inline-block pix-hover-item      btn-rounded animate-in pix-btn-div btn-md\"   data-anim-type=\"fade-in-up\" data-anim-delay=\"800\" ><span class=\"font-weight-bold\" >Schedule your appointment<\/span> <i class=\"font-weight-bold pixicon-angle-right  pix-hover-right  ml-1\"><\/i><\/a><\/div><\/div><\/div><\/div><\/div><\/section><section data-vc-full-width=\"true\" data-vc-full-width-init=\"false\" class=\"vc_section vc_section_visible custom-responsive-40168227 vc_custom_1761065818206 vc_section-has-fill\" data-section-name=\"\"><div class=\"vc_row wpb_row vc_row-fluid vc_row_visible\"><div class=\"wpb_column vc_column_container vc_col-sm-12 text-left\"><div class=\"vc_column-inner\"><div class=\"wpb_wrapper\"><div class=\"pix-content-box card      vc_custom_1761072544533 custom-responsive-83688092   rounded-10 shadow-lg bg- w-100\"   ><div class=\"\" style=\"z-index:30;position:relative;\"><div  class=\"pix-heading-el text-left\"><div><div class=\"slide-in-container\"><h3 class=\"text-white animate-in heading-text el-title_custom_color mb-12\" style=\"\" data-anim-type=\"fade-in-up\" data-anim-delay=\"800\">At Clarity, we\u2019re here to help<\/h3><\/div><\/div><\/div><div class=\"vc_row wpb_row vc_inner vc_row-fluid vc_custom_1761072647330\"><div class=\"wpb_column vc_column_container vc_col-sm-6 vc_col-xs-1\/5 text-left\"><div class=\"vc_column-inner\"><div class=\"wpb_wrapper\"><div class=\"animate-in d-inline-block\" data-anim-type=\"fade-in-up\" data-anim-delay=\"700\"><div class=\"d-inline-block align-middle  vc_custom_1757453340231\"><a href=\"#\" class=\"pix-video-popup d-inline-block\" data-aspect=\"embed-responsive-16by9\" data-content=\"&lt;iframe width=&quot;560&quot; height=&quot;315&quot; src=&quot;https:\/\/player.vimeo.com\/video\/1117192156?badge=0&amp;autopause=0&amp;player_id=0&amp;app_id=58479&quot;0&quot; allow=&quot;accelerometer; autoplay; encrypted-media; gyroscope; picture-in-picture&quot; allowfullscreen autoplay=&quot;autoplay&quot;&gt;&lt;\/iframe&gt;\"  aria-label=\"Video Popup\"><span class=\"rounded-circle d-inline-block2 d-inline-flex align-items-center justify-content-center line-height-0 pix-p-10 scale shadow-lg bg-white\" style=\"width:50px;height:50px;\"><span class=\"text-primary\" style=\"height:25px;width:25px;\"><svg xmlns=\"http:\/\/www.w3.org\/2000\/svg\" viewbox=\"0 0 24 24\" ><path d=\"M8 6.82v10.36c0 .79.87 1.27 1.54.84l8.14-5.18c.62-.39.62-1.29 0-1.69L9.54 5.98C8.87 5.55 8 6.03 8 6.82z\"\/><\/svg>\n<\/span><\/span><\/a><\/div><\/div><a  href=\"https:\/\/clarityclinic.com.mx\/en\/contacto\/\" class=\"btn mb-2 btn-lap    text-primary btn-white d-inline-block pix-hover-item      btn-rounded animate-in btn-md\"   data-anim-type=\"fade-in-up\" data-anim-delay=\"800\" ><i class=\"font-weight-bold pixicon-angle-right  pix-hover-left  mr-1\"><\/i> <span class=\"font-weight-bold\" >Schedule your evaluation<\/span><\/a><\/div><\/div><\/div><div class=\"wpb_column vc_column_container vc_col-sm-6 vc_hidden-lg vc_hidden-md vc_col-xs-4\/5 text-left\"><div class=\"vc_column-inner\"><div class=\"wpb_wrapper\"><a  href=\"https:\/\/clarityclinic.com.mx\/en\/contacto\/\" class=\"btn mb-2     text-primary btn-white d-inline-block     btn-rounded animate-in btn-normal\"   data-anim-type=\"fade-in-up\" data-anim-delay=\"800\" ><span class=\"font-weight-bold\" >Schedule your evaluation<\/span><\/a><\/div><\/div><\/div><\/div><\/div><\/div><\/div><\/div><\/div><\/div><\/section><div class=\"vc_row-full-width vc_clearfix\"><\/div><\/section>","protected":false},"excerpt":{"rendered":"\u00a1Porque ver bien es vivir mejor!Consulta oftalmol\u00f3gica integral \u00bfCu\u00e1ndo fue tu \u00faltima revisi\u00f3n visual completa? Solicita tu valoraci\u00f3n oftalmol\u00f3gicaConf\u00eda en manos profesionalesOftalmolog\u00eda integral para cada etapa de la vida Valoramos tu visi\u00f3n como si fuera la nuestra: con tiempo y...","protected":false},"author":1,"featured_media":0,"parent":0,"menu_order":0,"comment_status":"closed","ping_status":"closed","template":"","meta":{"footnotes":""},"class_list":["post-13732","page","type-page","status-publish","hentry"],"_links":{"self":[{"href":"https:\/\/clarityclinic.com.mx\/en\/wp-json\/wp\/v2\/pages\/13732","targetHints":{"allow":["GET"]}}],"collection":[{"href":"https:\/\/clarityclinic.com.mx\/en\/wp-json\/wp\/v2\/pages"}],"about":[{"href":"https:\/\/clarityclinic.com.mx\/en\/wp-json\/wp\/v2\/types\/page"}],"author":[{"embeddable":true,"href":"https:\/\/clarityclinic.com.mx\/en\/wp-json\/wp\/v2\/users\/1"}],"replies":[{"embeddable":true,"href":"https:\/\/clarityclinic.com.mx\/en\/wp-json\/wp\/v2\/comments?post=13732"}],"version-history":[{"count":27,"href":"https:\/\/clarityclinic.com.mx\/en\/wp-json\/wp\/v2\/pages\/13732\/revisions"}],"predecessor-version":[{"id":14356,"href":"https:\/\/clarityclinic.com.mx\/en\/wp-json\/wp\/v2\/pages\/13732\/revisions\/14356"}],"wp:attachment":[{"href":"https:\/\/clarityclinic.com.mx\/en\/wp-json\/wp\/v2\/media?parent=13732"}],"curies":[{"name":"wp","href":"https:\/\/api.w.org\/{rel}","templated":true}]}}