{"id":13551,"date":"2025-08-28T21:18:55","date_gmt":"2025-08-28T21:18:55","guid":{"rendered":"https:\/\/clarityclinic.com.mx\/?page_id=13551"},"modified":"2025-10-21T21:27:20","modified_gmt":"2025-10-21T21:27:20","slug":"contacto","status":"publish","type":"page","link":"https:\/\/clarityclinic.com.mx\/en\/contacto\/","title":{"rendered":"Contact"},"content":{"rendered":"<section class=\"wpb-content-wrapper\"><section id=\"pix_section_contact\" data-vc-full-width=\"true\" data-vc-full-width-init=\"false\" class=\"vc_section vc_section_visible pix_section_contact vc_custom_1761003663845 vc_section-has-fill\" data-section-name=\"\"><div class=\"vc_row wpb_row vc_row-fluid vc_row_visible vc_row-o-content-middle vc_row-flex\"><div class=\"wpb_column vc_column_container vc_col-sm-6 text-left\"><div class=\"vc_column-inner custom-responsive-8762637\"><div class=\"wpb_wrapper\"><div class=\"d-inline-block\" ><div class=\"animate-in  d-inline-block\" data-anim-type=\"fade-in-left\" data-anim-delay=\"0\"><div class=\"pix-img-el    shadow shadow-hover text-center d-inline-block  w-100 rounded-10\"  ><img loading=\"lazy\" decoding=\"async\" class=\"card-img2 pix-img-elem rounded-10  h-1002\" style=\"height:auto;\" width=\"1080\" height=\"1497\" srcset=\"https:\/\/clarityclinic.com.mx\/wp-content\/uploads\/2025\/09\/clarity-eye-clinic-tijuana.jpg 1080w, https:\/\/clarityclinic.com.mx\/wp-content\/uploads\/2025\/09\/clarity-eye-clinic-tijuana-216x300.jpg 216w, https:\/\/clarityclinic.com.mx\/wp-content\/uploads\/2025\/09\/clarity-eye-clinic-tijuana-739x1024.jpg 739w, https:\/\/clarityclinic.com.mx\/wp-content\/uploads\/2025\/09\/clarity-eye-clinic-tijuana-768x1065.jpg 768w, https:\/\/clarityclinic.com.mx\/wp-content\/uploads\/2025\/09\/clarity-eye-clinic-tijuana-9x12.jpg 9w\" sizes=\"auto, (max-width: 1080px) 100vw, 1080px\" src=\"https:\/\/clarityclinic.com.mx\/wp-content\/uploads\/2025\/09\/clarity-eye-clinic-tijuana.jpg\" alt=\"Image link\" \/><\/div><\/div><\/div><\/div><\/div><\/div><div class=\"contacto-inicio wpb_column vc_column_container vc_col-sm-6 text-left\"><div class=\"vc_column-inner custom-responsive-49938657\"><div class=\"wpb_wrapper\"><div class=\"pix-el-text w-100\" ><p class=\"text-18 m-0 text-secondary\" ><span class=\"text-secondary animate-in d-inline-block\" data-anim-delay=\"200\" data-anim-type=\"fade-in-up\">Your next appointment starts here<\/span><\/p><\/div><div  class=\"pix-heading-el text-left  vc_custom_1758741844979\"><div><div class=\"slide-in-container\"><h2 class=\"text-heading-default animate-in heading-text el-title_custom_color mb-12\" style=\"\" data-anim-type=\"fade-in-up\" data-anim-delay=\"0\">Clear, compassionate, and specialized care<\/h2><\/div><\/div><\/div><div class=\"pix-el-text w-100\" ><div class=\"d-inline-block\" style=\"max-width:600px;\"><p class=\"text-body-default\" ><span class=\"text-body-default animate-in d-inline-block\" data-anim-delay=\"100\" data-anim-type=\"fade-in-up\">At Clarity, we are committed to your visual health. Whether you\u2019d like to schedule an appointment, ask a question, or learn more about our treatments \u2014 we are here to help.<\/span><\/p><\/div><\/div>\n<div class=\"wpcf7 no-js\" id=\"wpcf7-f2939-o1\" lang=\"en-US\" dir=\"ltr\" data-wpcf7-id=\"2939\">\n<div class=\"screen-reader-response\"><p role=\"status\" aria-live=\"polite\" aria-atomic=\"true\"><\/p> <ul><\/ul><\/div>\n<form action=\"\/en\/wp-json\/wp\/v2\/pages\/13551#wpcf7-f2939-o1\" method=\"post\" class=\"wpcf7-form init\" aria-label=\"Contact form\" novalidate=\"novalidate\" data-status=\"init\" data-trp-original-action=\"\/en\/wp-json\/wp\/v2\/pages\/13551#wpcf7-f2939-o1\">\n<fieldset class=\"hidden-fields-container\"><input type=\"hidden\" name=\"_wpcf7\" value=\"2939\" \/><input type=\"hidden\" name=\"_wpcf7_version\" value=\"6.1.5\" \/><input type=\"hidden\" name=\"_wpcf7_locale\" value=\"en_US\" \/><input type=\"hidden\" name=\"_wpcf7_unit_tag\" value=\"wpcf7-f2939-o1\" \/><input type=\"hidden\" name=\"_wpcf7_container_post\" value=\"0\" \/><input type=\"hidden\" name=\"_wpcf7_posted_data_hash\" value=\"\" \/>\n<\/fieldset>\n<div class=\"pix-contact7-form\"><div class=\"row\">\n\t<div class=\"col-md-6\">\n\t\t<p><label class=\"w-100\">Full name<br \/>\n<span class=\"wpcf7-form-control-wrap\" data-name=\"your-name\"><input size=\"40\" maxlength=\"400\" class=\"wpcf7-form-control wpcf7-text pix-my-5 form-control bg-gray-1 shadow-0\" aria-invalid=\"false\" placeholder=\"Carlos Salas\" value=\"\" type=\"text\" name=\"your-name\" \/><\/span><\/label>\n\t\t<\/p>\n\t<\/div>\n\t<div class=\"col-md-6\">\n\t\t<p><label class=\"w-100\">Email*<br \/>\n<span class=\"wpcf7-form-control-wrap\" data-name=\"your-email\"><input size=\"40\" maxlength=\"400\" class=\"wpcf7-form-control wpcf7-email wpcf7-validates-as-required wpcf7-text wpcf7-validates-as-email pix-my-5 form-control bg-gray-1 shadow-0\" aria-required=\"true\" aria-invalid=\"false\" placeholder=\"ejemplo@gmail.com\" value=\"\" type=\"email\" name=\"your-email\" \/><\/span><\/label>\n\t\t<\/p>\n\t<\/div>\n<\/div>\n<p><label class=\"w-100\">Tell us what you\u2019re experiencing with your vision<span class=\"wpcf7-form-control-wrap\" data-name=\"your-message\"><textarea cols=\"40\" rows=\"4\" maxlength=\"2000\" class=\"wpcf7-form-control wpcf7-textarea pix-my-5 form-control bg-gray-1 shadow-0\" aria-invalid=\"false\" placeholder=\"Message...\" name=\"your-message\"><\/textarea><\/span> <\/label>\n<\/p>\n<div class=\"row\">\n\t<div class=\"col-md-6\">\n\t\t<p><label class=\"w-100\">Type of service<span class=\"wpcf7-form-control-wrap\" data-name=\"menu-747\"><select class=\"wpcf7-form-control wpcf7-select wpcf7-validates-as-required pixfort-select pix-my-5 form-control bg-gray-1 shadow-0\" aria-required=\"true\" aria-invalid=\"false\" name=\"menu-747\"><option value=\"\">&#8212;Please choose an option&#8212;<\/option><option value=\"Consulta oftalmol\u00f3gica integral\">Comprehensive eye consultation<\/option><option value=\"Catarata\">Cataract<\/option><option value=\"Cirug\u00eda refractiva\">Refractive surgery<\/option><option value=\"Glaucoma\">Glaucoma<\/option><option value=\"Retina y m\u00e1cula\">Retina and macula<\/option><option value=\"\u00d3ptica\">Optical service<\/option><option value=\"Equipos de diagnostico y tratamiento\">Diagnosis and treatment equipment<\/option><\/select><\/span> <\/label>\n\t\t<\/p>\n\t<\/div>\n\t<div class=\"col-md-6\">\n\t\t<p><label class=\"w-100\">Phone number<span class=\"wpcf7-form-control-wrap\" data-name=\"tel-996\"><input size=\"40\" maxlength=\"400\" class=\"wpcf7-form-control wpcf7-tel wpcf7-validates-as-required wpcf7-text wpcf7-validates-as-tel pix-mt-5 form-control bg-gray-1 shadow-0\" aria-required=\"true\" aria-invalid=\"false\" placeholder=\"Tel: +06 51 42 44 12\" value=\"\" type=\"tel\" name=\"tel-996\" \/><\/span> <\/label>\n\t\t<\/p>\n\t<\/div>\n<\/div>\n<p><input class=\"wpcf7-form-control wpcf7-submit has-spinner btn btn-primary text-white w-100 pix-mt-10 font-weight-bold btn-lg secondary-font\" type=\"submit\" value=\"Schedule my appointment\" \/>\n<\/p><\/div><div class=\"wpcf7-response-output\" aria-hidden=\"true\"><\/div>\n<input type=\"hidden\" name=\"trp-form-language\" value=\"en\"\/><\/form>\n<\/div>\n<\/div><\/div><\/div><\/div><\/section><div class=\"vc_row-full-width vc_clearfix\"><\/div><section class=\"vc_section vc_section_visible\" data-section-name=\"\"><div class=\"vc_row wpb_row vc_row-fluid vc_row_visible\"><div class=\"wpb_column vc_column_container vc_col-sm-6 text-left\"><div class=\"vc_column-inner\"><div class=\"wpb_wrapper\"><div class=\"pix-content-box card      vc_custom_1761004253893 custom-responsive-21767878   rounded-10 bg- w-100\"   ><div class=\"\" style=\"z-index:30;position:relative;\"><div id=\"el1758742654113-a66b6fc4-20e0\" class=\"pix-el-text   w-100\" ><p class=\"\"><h5>Accessibility and personalized care:<\/h5>\n<\/p><\/div><div id=\"1758742680934-3815f2bb-aba8\" class=\"pix-feature-el  media  vc_custom_1758742520201\"><div class=\"feature_img  mr-3 animate-in\" data-anim-type=\"fade-in-up\" data-anim-delay=\"200\" style=\"width:50px;height:auto;display:inline-block;position:relative;\"><img decoding=\"async\" style=\"width:50px;height:50px;\" class=\"img-fluid2 pix-fit-cover\" src=\"https:\/\/clarityclinic.com.mx\/wp-content\/uploads\/2025\/09\/estacionamiento-icono.png\" alt=\"\"><\/div><div class=\"media-body text-left\"><h5 class=\"secondary-font text-heading-default animate-in\" style=\"padding-top:0px;\" data-anim-type=\"fade-in-up\" data-anim-delay=\"300\"><\/h5><div class=\"text-body-default text-20  secondary-font   animate-in\" style=\"padding-top:10px;\" data-anim-type=\"fade-in-up\" data-anim-delay=\"400\">Parking available<\/div><\/div><\/div><div id=\"1758742654142-99295a61-c0ac\" class=\"pix-feature-el  media  vc_custom_1758742484760\"><div class=\"feature_img  mr-3 animate-in\" data-anim-type=\"fade-in-up\" data-anim-delay=\"200\" style=\"width:50px;height:auto;display:inline-block;position:relative;\"><img decoding=\"async\" style=\"width:50px;height:50px;\" class=\"img-fluid2 pix-fit-cover\" src=\"https:\/\/clarityclinic.com.mx\/wp-content\/uploads\/2025\/09\/silla-de-ruedas-icono.png\" alt=\"\"><\/div><div class=\"media-body text-left\"><h5 class=\"secondary-font text-heading-default animate-in\" style=\"padding-top:0px;\" data-anim-type=\"fade-in-up\" data-anim-delay=\"300\"><\/h5><div class=\"text-body-default text-20  secondary-font   animate-in\" style=\"padding-top:10px;\" data-anim-type=\"fade-in-up\" data-anim-delay=\"400\">Wheelchair access<\/div><\/div><\/div><div class=\"vc_row wpb_row vc_inner vc_row-fluid\"><div class=\"wpb_column vc_column_container vc_col-sm-9 text-left\"><div class=\"vc_column-inner\"><div class=\"wpb_wrapper\"><div id=\"1758742768261-fda4b441-832b\" class=\"pix-feature-el  media\"><div class=\"rounded-circle d-inline-block2 d-inline-flex align-items-center justify-content-center mr-3 feature_img bg-secondary animate-in\" data-anim-type=\"fade-in-up\" data-anim-delay=\"200\" style=\" width:45px;height:45px;position:relative;line-height:45px;text-align:center;\"><i style=\"display:inline-block;font-size:25px;line-height:25px;\" class=\"text-white align-middle pixicon-calendar\"><\/i><\/div><div class=\"media-body text-left\"><h5 class=\"secondary-font text-heading-default animate-in\" style=\"padding-top:0px;\" data-anim-type=\"fade-in-up\" data-anim-delay=\"300\"><\/h5><div class=\"text-body-default text-20  secondary-font   animate-in\" style=\"padding-top:10px;\" data-anim-type=\"fade-in-up\" data-anim-delay=\"400\">Monday to Friday: 10:00 a.m. \u2013 7:00 p.m. and Saturday: 9:00 a.m. \u2013 1:00 p.m.<\/div><\/div><\/div><\/div><\/div><\/div><div class=\"wpb_column vc_column_container vc_col-sm-3 text-left\"><div class=\"vc_column-inner\"><div class=\"wpb_wrapper\"><\/div><\/div><\/div><\/div><\/div><\/div><\/div><\/div><\/div><div class=\"wpb_column vc_column_container vc_col-sm-6 text-left\"><div class=\"vc_column-inner custom-responsive-111615917\"><div class=\"wpb_wrapper\"><div class=\"pix-content-box card      vc_custom_1758743125550    rounded-10 bg- w-100\"   ><div class=\"\" style=\"z-index:30;position:relative;\"><div id=\"el1758742429999-9159aeb0-733e\" class=\"pix-el-text   w-100\" ><p class=\"\"><h5>You can contact us by:<\/h5>\n<\/p><\/div><div id=\"1758742654169-81390dde-8b19\" class=\"pix-feature-el  media  vc_custom_1761078842508\"><div class=\"rounded-circle d-inline-block2 d-inline-flex align-items-center justify-content-center mr-3 feature_img bg-secondary animate-in\" data-anim-type=\"fade-in-up\" data-anim-delay=\"200\" style=\" width:45px;height:45px;position:relative;line-height:45px;text-align:center;\"><i style=\"display:inline-block;font-size:25px;line-height:25px;\" class=\"text-white align-middle pixicon-phone-ring\"><\/i><\/div><div class=\"media-body text-left\"><h5 class=\"secondary-font text-heading-default animate-in\" style=\"padding-top:0px;\" data-anim-type=\"fade-in-up\" data-anim-delay=\"300\">Phone<\/h5><div class=\"text-body-default      animate-in\" style=\"padding-top:10px;\" data-anim-type=\"fade-in-up\" data-anim-delay=\"400\">+52 663 480 2000 \u2022 +52 664 655 7416<\/div><\/div><\/div><div id=\"1758742847279-943453de-46cc\" class=\"pix-feature-el  media  vc_custom_1758743020758\"><div class=\"rounded-circle d-inline-block2 d-inline-flex align-items-center justify-content-center mr-3 feature_img bg-secondary animate-in\" data-anim-type=\"fade-in-up\" data-anim-delay=\"200\" style=\" width:45px;height:45px;position:relative;line-height:45px;text-align:center;\"><i style=\"display:inline-block;font-size:25px;line-height:25px;\" class=\"text-white align-middle pixicon-whatsapp2\"><\/i><\/div><div class=\"media-body text-left\"><h5 class=\"secondary-font text-heading-default animate-in\" style=\"padding-top:0px;\" data-anim-type=\"fade-in-up\" data-anim-delay=\"300\">WhatsApp<\/h5><div class=\"text-body-default      animate-in\" style=\"padding-top:10px;\" data-anim-type=\"fade-in-up\" data-anim-delay=\"400\">+52 663 480 2000<\/div><\/div><\/div><div id=\"1758742864886-2966e0f5-12fe\" class=\"pix-feature-el  media  vc_custom_1758743014331\"><div class=\"rounded-circle d-inline-block2 d-inline-flex align-items-center justify-content-center mr-3 feature_img bg-secondary animate-in\" data-anim-type=\"fade-in-up\" data-anim-delay=\"200\" style=\" width:45px;height:45px;position:relative;line-height:45px;text-align:center;\"><i style=\"display:inline-block;font-size:25px;line-height:25px;\" class=\"text-white align-middle pixicon-map-pin-1-plus-2\"><\/i><\/div><div class=\"media-body text-left\"><h5 class=\"secondary-font text-heading-default animate-in\" style=\"padding-top:0px;\" data-anim-type=\"fade-in-up\" data-anim-delay=\"300\">Visit us in Tijuana<\/h5><div class=\"text-body-default      animate-in\" style=\"padding-top:10px;\" data-anim-type=\"fade-in-up\" data-anim-delay=\"400\">Jos\u00e9 Mar\u00eda Velazco #2440 Int 204, Supermanzana Edificio Torre 21, Zona Urbana Rio Tijuana, 22010 Tijuana, B.C.<\/div><\/div><\/div><\/div><\/div><\/div><\/div><\/div><\/div><div class=\"vc_row wpb_row vc_row-fluid vc_row_visible vc_custom_1758743271450\"><div class=\"wpb_column vc_column_container vc_col-sm-2 vc_hidden-xs text-left\"><div class=\"vc_column-inner\"><div class=\"wpb_wrapper\"><\/div><\/div><\/div><div class=\"wpb_column vc_column_container vc_col-sm-8 text-left\"><div class=\"vc_column-inner\"><div class=\"wpb_wrapper\"><div id=\"el1758743179179-b08ce344-3659\" class=\"pix-el-text   w-100\" ><p class=\"\"><p style=\"text-align: center;\">Every message we receive is handled with the same care we give to your eyes. Seeing well begins with good care.<\/p>\n<\/p><\/div><\/div><\/div><\/div><div class=\"wpb_column vc_column_container vc_col-sm-2 vc_hidden-xs text-left\"><div class=\"vc_column-inner\"><div class=\"wpb_wrapper\"><\/div><\/div><\/div><\/div><\/section><section class=\"vc_section vc_section_visible custom-responsive-99212443 vc_custom_1761003908717\" data-section-name=\"\"><div class=\"vc_row wpb_row vc_row-fluid vc_row_visible vc_custom_1758578737274\"><div class=\"wpb_column vc_column_container vc_col-sm-12 text-left\"><div class=\"vc_column-inner\"><div class=\"wpb_wrapper\"><div class=\"pix-content-box card      vc_custom_1756414313781    rounded-10 shadow-lg shadow-hover-lg fly-sm bg- w-100 overflow-hidden\"   ><div class=\"scene scene-over\"><\/div><div class=\"\" style=\"z-index:30;position:relative;\"><div class=\"wpb_gmaps_widget wpb_content_element vc_custom_1756414397773\"><div class=\"wpb_wrapper\"><div class=\"wpb_map_wraper\"><iframe loading=\"lazy\" src=\"https:\/\/www.google.com\/maps\/embed?pb=!1m18!1m12!1m3!1d3364.091294801355!2d-117.01391632434772!3d32.52370857377059!2m3!1f0!2f0!3f0!3m2!1i1024!2i768!4f13.1!3m3!1m2!1s0x80d949ddaf051ab9%3A0x3f65f67edacce9e0!2sClarity%20Eye%20Clinic%20%7C%20Oftalm%C3%B3logo%20en%20Tijuana!5e0!3m2!1ses!2smx!4v1756414372041!5m2!1ses!2smx\" width=\"600\" height=\"450\" frameborder=\"20\" style=\"border:0\" allowfullscreen><\/iframe><\/div><\/div><\/div><\/div><\/div><\/div><\/div><\/div><\/div><\/section><\/section>","protected":false},"excerpt":{"rendered":"Tu pr\u00f3xima cita comienza aqu\u00edAtenci\u00f3n clara, humana y especializadaEn Clarity estamos comprometidos con tu salud visual. Si necesitas agendar una consulta, resolver dudas o recibir informaci\u00f3n sobre nuestros tratamientos, estamos listos para ayudarte. Nombre y apellido Correo electr\u00f3nico* Cu\u00e9ntanos un...","protected":false},"author":1,"featured_media":0,"parent":0,"menu_order":0,"comment_status":"closed","ping_status":"closed","template":"","meta":{"footnotes":""},"class_list":["post-13551","page","type-page","status-publish","hentry"],"_links":{"self":[{"href":"https:\/\/clarityclinic.com.mx\/en\/wp-json\/wp\/v2\/pages\/13551","targetHints":{"allow":["GET"]}}],"collection":[{"href":"https:\/\/clarityclinic.com.mx\/en\/wp-json\/wp\/v2\/pages"}],"about":[{"href":"https:\/\/clarityclinic.com.mx\/en\/wp-json\/wp\/v2\/types\/page"}],"author":[{"embeddable":true,"href":"https:\/\/clarityclinic.com.mx\/en\/wp-json\/wp\/v2\/users\/1"}],"replies":[{"embeddable":true,"href":"https:\/\/clarityclinic.com.mx\/en\/wp-json\/wp\/v2\/comments?post=13551"}],"version-history":[{"count":31,"href":"https:\/\/clarityclinic.com.mx\/en\/wp-json\/wp\/v2\/pages\/13551\/revisions"}],"predecessor-version":[{"id":14343,"href":"https:\/\/clarityclinic.com.mx\/en\/wp-json\/wp\/v2\/pages\/13551\/revisions\/14343"}],"wp:attachment":[{"href":"https:\/\/clarityclinic.com.mx\/en\/wp-json\/wp\/v2\/media?parent=13551"}],"curies":[{"name":"wp","href":"https:\/\/api.w.org\/{rel}","templated":true}]}}